{"id":17,"date":"2020-06-04T17:33:17","date_gmt":"2020-06-04T17:33:17","guid":{"rendered":"http:\/\/dieterle-zimmerei.de\/?page_id=17"},"modified":"2023-02-09T10:12:32","modified_gmt":"2023-02-09T10:12:32","slug":"unternehmen-wir-ueber-uns","status":"publish","type":"page","link":"https:\/\/dieterle-zimmerei.de\/?page_id=17","title":{"rendered":"UNTERNEHMEN"},"content":{"rendered":"\t\t<div data-elementor-type=\"wp-page\" data-elementor-id=\"17\" class=\"elementor elementor-17\">\n\t\t\t\t\t\t<section class=\"elementor-section elementor-top-section elementor-element elementor-element-7c7abfc1 elementor-section-boxed elementor-section-height-default elementor-section-height-default\" data-id=\"7c7abfc1\" data-element_type=\"section\">\n\t\t\t\t\t\t<div class=\"elementor-container elementor-column-gap-default\">\n\t\t\t\t\t<div class=\"elementor-column elementor-col-100 elementor-top-column elementor-element elementor-element-15feead1\" data-id=\"15feead1\" data-element_type=\"column\">\n\t\t\t<div class=\"elementor-widget-wrap elementor-element-populated\">\n\t\t\t\t\t\t<div class=\"elementor-element elementor-element-738d33d7 elementor-widget elementor-widget-text-editor\" data-id=\"738d33d7\" data-element_type=\"widget\" data-widget_type=\"text-editor.default\">\n\t\t\t\t<div class=\"elementor-widget-container\">\n\t\t\t\t\t\t\t<p><!-- wp:paragraph {\"textColor\":\"primary\"} --><\/p>\n<p class=\"has-text-color has-primary-color\"><em><strong>MIT UNS SIND SIE NICHT AUF DEM HOLZWEG<\/strong><\/em><\/p>\n<p><!-- \/wp:paragraph --><\/p>\n<p><!-- wp:paragraph --><\/p>\n<p>Gegr\u00fcndet im Jahr 2004 von Zimmermeister Erich Dieterle, wird unser kleines \u00a0\u00a0\u00a0\u00a0\u00a0\u00a0\u00a0\u00a0\u00a0\u00a0\u00a0\u00a0\u00a0\u00a0 Zimmereiunternehmen seither mit viel Herzblut und Engagement gef\u00fchrt. Die Liebe zur \u00a0\u00a0\u00a0\u00a0\u00a0\u00a0\u00a0 Handwerkstradition gab er an seinen Sohn Manuel Dieterle weiter, der an seinen \u00a0\u00a0\u00a0\u00a0\u00a0\u00a0\u00a0\u00a0\u00a0\u00a0\u00a0\u00a0\u00a0\u00a0 Zimmerermeister den Dachdeckermeister anschloss und anschlie\u00dfend mit ins Unternehmen\u00a0\u00a0\u00a0 einstieg. Die Suche nach innovativen Produkten und zukunftsorientierten Arbeitsprozessen, sowie langj\u00e4hrige Erfahrung zeichnen uns aus.<\/p>\n<div class=\"wp-block-group\">\n<div class=\"wp-block-group__inner-container\">\n<div class=\"wp-block-group\">\n<div class=\"wp-block-group__inner-container\">\n<p><!-- \/wp:media-text --><\/p>\n<\/div>\n<\/div>\n<p><!-- \/wp:group --><\/p>\n<\/div>\n<\/div>\n<p><!-- \/wp:group --><\/p>\t\t\t\t\t\t<\/div>\n\t\t\t\t<\/div>\n\t\t\t\t\t<\/div>\n\t\t<\/div>\n\t\t\t\t\t<\/div>\n\t\t<\/section>\n\t\t\t\t<section class=\"elementor-section elementor-top-section elementor-element elementor-element-e4cb625 elementor-section-boxed elementor-section-height-default elementor-section-height-default\" data-id=\"e4cb625\" data-element_type=\"section\">\n\t\t\t\t\t\t<div class=\"elementor-container elementor-column-gap-default\">\n\t\t\t\t\t<div class=\"elementor-column elementor-col-50 elementor-top-column elementor-element elementor-element-8c42570\" data-id=\"8c42570\" data-element_type=\"column\">\n\t\t\t<div class=\"elementor-widget-wrap elementor-element-populated\">\n\t\t\t\t\t\t<div class=\"elementor-element elementor-element-1c5b41a elementor-widget elementor-widget-image\" data-id=\"1c5b41a\" data-element_type=\"widget\" data-widget_type=\"image.default\">\n\t\t\t\t<div class=\"elementor-widget-container\">\n\t\t\t\t\t\t\t\t\t\t\t\t\t\t<a href=\"http:\/\/dieterle-zimmerei.de\/wp-content\/uploads\/2020\/07\/2020_06_28_zimmerei_dieterle_0223-scaled.jpg\" data-elementor-open-lightbox=\"yes\" data-elementor-lightbox-title=\"www.danielglunk.com\" data-e-action-hash=\"#elementor-action%3Aaction%3Dlightbox%26settings%3DeyJpZCI6MTc4LCJ1cmwiOiJodHRwczpcL1wvZGlldGVybGUtemltbWVyZWkuZGVcL3dwLWNvbnRlbnRcL3VwbG9hZHNcLzIwMjBcLzA3XC8yMDIwXzA2XzI4X3ppbW1lcmVpX2RpZXRlcmxlXzAyMjMtc2NhbGVkLmpwZyJ9\">\n\t\t\t\t\t\t\t<img decoding=\"async\" src=\"https:\/\/dieterle-zimmerei.de\/wp-content\/uploads\/2020\/07\/2020_06_28_zimmerei_dieterle_0223-scaled.jpg\" title=\"www.danielglunk.com\" alt=\"www.danielglunk.com\" loading=\"lazy\" \/>\t\t\t\t\t\t\t\t<\/a>\n\t\t\t\t\t\t\t\t\t\t\t\t\t<\/div>\n\t\t\t\t<\/div>\n\t\t\t\t\t<\/div>\n\t\t<\/div>\n\t\t\t\t<div class=\"elementor-column elementor-col-50 elementor-top-column elementor-element elementor-element-4a11d64\" data-id=\"4a11d64\" data-element_type=\"column\">\n\t\t\t<div class=\"elementor-widget-wrap elementor-element-populated\">\n\t\t\t\t\t\t<div class=\"elementor-element elementor-element-3e58cbb elementor-widget elementor-widget-wp-widget-text\" data-id=\"3e58cbb\" data-element_type=\"widget\" data-widget_type=\"wp-widget-text.default\">\n\t\t\t\t<div class=\"elementor-widget-container\">\n\t\t\t<h5>Erich Dieterle<\/h5>\t\t\t<div class=\"textwidget\"><p>Zimmermeister<br \/>\nGepr. Geb\u00e4udeenergieberater<\/p>\n<\/div>\n\t\t\t\t<\/div>\n\t\t\t\t<\/div>\n\t\t\t\t\t<\/div>\n\t\t<\/div>\n\t\t\t\t\t<\/div>\n\t\t<\/section>\n\t\t\t\t<section class=\"elementor-section elementor-top-section elementor-element elementor-element-4d168ad elementor-section-boxed elementor-section-height-default elementor-section-height-default\" data-id=\"4d168ad\" data-element_type=\"section\">\n\t\t\t\t\t\t<div class=\"elementor-container elementor-column-gap-default\">\n\t\t\t\t\t<div class=\"elementor-column elementor-col-50 elementor-top-column elementor-element elementor-element-a99b36c\" data-id=\"a99b36c\" data-element_type=\"column\">\n\t\t\t<div class=\"elementor-widget-wrap elementor-element-populated\">\n\t\t\t\t\t\t<div class=\"elementor-element elementor-element-4590b40 elementor-widget elementor-widget-image\" data-id=\"4590b40\" data-element_type=\"widget\" data-widget_type=\"image.default\">\n\t\t\t\t<div class=\"elementor-widget-container\">\n\t\t\t\t\t\t\t\t\t\t\t\t\t\t<a href=\"http:\/\/dieterle-zimmerei.de\/wp-content\/uploads\/2020\/07\/2020_06_28_zimmerei_dieterle_0214-scaled.jpg\" data-elementor-open-lightbox=\"yes\" data-elementor-lightbox-title=\"www.danielglunk.com\" data-e-action-hash=\"#elementor-action%3Aaction%3Dlightbox%26settings%3DeyJpZCI6MTc3LCJ1cmwiOiJodHRwczpcL1wvZGlldGVybGUtemltbWVyZWkuZGVcL3dwLWNvbnRlbnRcL3VwbG9hZHNcLzIwMjBcLzA3XC8yMDIwXzA2XzI4X3ppbW1lcmVpX2RpZXRlcmxlXzAyMTQtc2NhbGVkLmpwZyJ9\">\n\t\t\t\t\t\t\t<img decoding=\"async\" src=\"https:\/\/dieterle-zimmerei.de\/wp-content\/uploads\/2020\/07\/2020_06_28_zimmerei_dieterle_0214-scaled.jpg\" title=\"www.danielglunk.com\" alt=\"www.danielglunk.com\" loading=\"lazy\" \/>\t\t\t\t\t\t\t\t<\/a>\n\t\t\t\t\t\t\t\t\t\t\t\t\t<\/div>\n\t\t\t\t<\/div>\n\t\t\t\t\t<\/div>\n\t\t<\/div>\n\t\t\t\t<div class=\"elementor-column elementor-col-50 elementor-top-column elementor-element elementor-element-5fbf4b7\" data-id=\"5fbf4b7\" data-element_type=\"column\">\n\t\t\t<div class=\"elementor-widget-wrap elementor-element-populated\">\n\t\t\t\t\t\t<div class=\"elementor-element elementor-element-34477cf elementor-widget elementor-widget-wp-widget-text\" data-id=\"34477cf\" data-element_type=\"widget\" data-widget_type=\"wp-widget-text.default\">\n\t\t\t\t<div class=\"elementor-widget-container\">\n\t\t\t<h5>Manuel Dieterle<\/h5>\t\t\t<div class=\"textwidget\"><p>Zimmermeister<br \/>\nDachdeckermeister<\/p>\n<\/div>\n\t\t\t\t<\/div>\n\t\t\t\t<\/div>\n\t\t\t\t\t<\/div>\n\t\t<\/div>\n\t\t\t\t\t<\/div>\n\t\t<\/section>\n\t\t\t\t<section class=\"elementor-section elementor-top-section elementor-element elementor-element-27aff91 elementor-section-boxed elementor-section-height-default elementor-section-height-default\" data-id=\"27aff91\" data-element_type=\"section\">\n\t\t\t\t\t\t<div class=\"elementor-container elementor-column-gap-default\">\n\t\t\t\t\t<div class=\"elementor-column elementor-col-100 elementor-top-column elementor-element elementor-element-9e6d612\" data-id=\"9e6d612\" data-element_type=\"column\">\n\t\t\t<div class=\"elementor-widget-wrap elementor-element-populated\">\n\t\t\t\t\t\t<div class=\"elementor-element elementor-element-21acf53 elementor-widget elementor-widget-text-editor\" data-id=\"21acf53\" data-element_type=\"widget\" data-widget_type=\"text-editor.default\">\n\t\t\t\t<div class=\"elementor-widget-container\">\n\t\t\t\t\t\t\t<p>Unsere Fachkompetenz im Zimmerer- und Dachdeckerhandwerk erweitern wir kontinuierlich durch berufliche Weiterbildung. Durch den betriebseigenen Ger\u00fcstbau und die Investition in einen Schnellaufbaukran, kann ein flexibles und schnelles Handeln garantiert werden.<\/p><p><\/p><p><\/p><p>Eine vertrauensvolle Zusammenarbeit mit unseren Kunden ist f\u00fcr uns von gro\u00dfer Bedeutung. Wir freuen uns \u00fcber Ihre Anfrage, um Sie individuell und l\u00f6sungsorientiert&nbsp;beraten zu k\u00f6nnen!<\/p>\t\t\t\t\t\t<\/div>\n\t\t\t\t<\/div>\n\t\t\t\t\t<\/div>\n\t\t<\/div>\n\t\t\t\t\t<\/div>\n\t\t<\/section>\n\t\t\t\t<section class=\"elementor-section elementor-top-section elementor-element elementor-element-9d6e844 elementor-section-boxed elementor-section-height-default elementor-section-height-default\" data-id=\"9d6e844\" data-element_type=\"section\">\n\t\t\t\t\t\t<div class=\"elementor-container elementor-column-gap-default\">\n\t\t\t\t\t<div class=\"elementor-column elementor-col-50 elementor-top-column elementor-element elementor-element-217d0d3\" data-id=\"217d0d3\" data-element_type=\"column\">\n\t\t\t<div class=\"elementor-widget-wrap elementor-element-populated\">\n\t\t\t\t\t\t<div class=\"elementor-element elementor-element-6a9a196 elementor-widget elementor-widget-image\" data-id=\"6a9a196\" data-element_type=\"widget\" data-widget_type=\"image.default\">\n\t\t\t\t<div class=\"elementor-widget-container\">\n\t\t\t\t\t\t\t\t\t\t\t\t\t\t<a href=\"http:\/\/dieterle-zimmerei.de\/wp-content\/uploads\/2020\/08\/2020_06_28_zimmerei_dieterle_0390-scaled.jpg\" data-elementor-open-lightbox=\"yes\" data-elementor-lightbox-title=\"www.danielglunk.com\" data-e-action-hash=\"#elementor-action%3Aaction%3Dlightbox%26settings%3DeyJpZCI6MjE0LCJ1cmwiOiJodHRwczpcL1wvZGlldGVybGUtemltbWVyZWkuZGVcL3dwLWNvbnRlbnRcL3VwbG9hZHNcLzIwMjBcLzA4XC8yMDIwXzA2XzI4X3ppbW1lcmVpX2RpZXRlcmxlXzAzOTAtc2NhbGVkLmpwZyJ9\">\n\t\t\t\t\t\t\t<img fetchpriority=\"high\" decoding=\"async\" width=\"800\" height=\"534\" src=\"https:\/\/dieterle-zimmerei.de\/wp-content\/uploads\/2020\/08\/2020_06_28_zimmerei_dieterle_0390-1024x683.jpg\" class=\"attachment-large size-large wp-image-214\" alt=\"\" srcset=\"https:\/\/dieterle-zimmerei.de\/wp-content\/uploads\/2020\/08\/2020_06_28_zimmerei_dieterle_0390-1024x683.jpg 1024w, https:\/\/dieterle-zimmerei.de\/wp-content\/uploads\/2020\/08\/2020_06_28_zimmerei_dieterle_0390-300x200.jpg 300w, https:\/\/dieterle-zimmerei.de\/wp-content\/uploads\/2020\/08\/2020_06_28_zimmerei_dieterle_0390-768x512.jpg 768w, https:\/\/dieterle-zimmerei.de\/wp-content\/uploads\/2020\/08\/2020_06_28_zimmerei_dieterle_0390-1536x1024.jpg 1536w, https:\/\/dieterle-zimmerei.de\/wp-content\/uploads\/2020\/08\/2020_06_28_zimmerei_dieterle_0390-2048x1365.jpg 2048w, https:\/\/dieterle-zimmerei.de\/wp-content\/uploads\/2020\/08\/2020_06_28_zimmerei_dieterle_0390-24x16.jpg 24w, https:\/\/dieterle-zimmerei.de\/wp-content\/uploads\/2020\/08\/2020_06_28_zimmerei_dieterle_0390-36x24.jpg 36w, https:\/\/dieterle-zimmerei.de\/wp-content\/uploads\/2020\/08\/2020_06_28_zimmerei_dieterle_0390-48x32.jpg 48w\" sizes=\"(max-width: 800px) 100vw, 800px\" \/>\t\t\t\t\t\t\t\t<\/a>\n\t\t\t\t\t\t\t\t\t\t\t\t\t<\/div>\n\t\t\t\t<\/div>\n\t\t\t\t\t<\/div>\n\t\t<\/div>\n\t\t\t\t<div class=\"elementor-column elementor-col-50 elementor-top-column elementor-element elementor-element-f80e048\" data-id=\"f80e048\" data-element_type=\"column\">\n\t\t\t<div class=\"elementor-widget-wrap elementor-element-populated\">\n\t\t\t\t\t\t<div class=\"elementor-element elementor-element-b1ee160 elementor-widget elementor-widget-image\" data-id=\"b1ee160\" data-element_type=\"widget\" data-widget_type=\"image.default\">\n\t\t\t\t<div class=\"elementor-widget-container\">\n\t\t\t\t\t\t\t\t\t\t\t\t\t\t<a href=\"http:\/\/dieterle-zimmerei.de\/wp-content\/uploads\/2020\/08\/2020_06_28_zimmerei_dieterle_0253-scaled.jpg\" data-elementor-open-lightbox=\"yes\" data-elementor-lightbox-title=\"www.danielglunk.com\" data-e-action-hash=\"#elementor-action%3Aaction%3Dlightbox%26settings%3DeyJpZCI6MTk4LCJ1cmwiOiJodHRwczpcL1wvZGlldGVybGUtemltbWVyZWkuZGVcL3dwLWNvbnRlbnRcL3VwbG9hZHNcLzIwMjBcLzA4XC8yMDIwXzA2XzI4X3ppbW1lcmVpX2RpZXRlcmxlXzAyNTMtc2NhbGVkLmpwZyJ9\">\n\t\t\t\t\t\t\t<img decoding=\"async\" width=\"800\" height=\"534\" src=\"https:\/\/dieterle-zimmerei.de\/wp-content\/uploads\/2020\/08\/2020_06_28_zimmerei_dieterle_0253-1024x683.jpg\" class=\"attachment-large size-large wp-image-198\" alt=\"\" srcset=\"https:\/\/dieterle-zimmerei.de\/wp-content\/uploads\/2020\/08\/2020_06_28_zimmerei_dieterle_0253-1024x683.jpg 1024w, https:\/\/dieterle-zimmerei.de\/wp-content\/uploads\/2020\/08\/2020_06_28_zimmerei_dieterle_0253-300x200.jpg 300w, https:\/\/dieterle-zimmerei.de\/wp-content\/uploads\/2020\/08\/2020_06_28_zimmerei_dieterle_0253-768x512.jpg 768w, https:\/\/dieterle-zimmerei.de\/wp-content\/uploads\/2020\/08\/2020_06_28_zimmerei_dieterle_0253-1536x1024.jpg 1536w, https:\/\/dieterle-zimmerei.de\/wp-content\/uploads\/2020\/08\/2020_06_28_zimmerei_dieterle_0253-2048x1365.jpg 2048w, https:\/\/dieterle-zimmerei.de\/wp-content\/uploads\/2020\/08\/2020_06_28_zimmerei_dieterle_0253-24x16.jpg 24w, https:\/\/dieterle-zimmerei.de\/wp-content\/uploads\/2020\/08\/2020_06_28_zimmerei_dieterle_0253-36x24.jpg 36w, https:\/\/dieterle-zimmerei.de\/wp-content\/uploads\/2020\/08\/2020_06_28_zimmerei_dieterle_0253-48x32.jpg 48w\" sizes=\"(max-width: 800px) 100vw, 800px\" \/>\t\t\t\t\t\t\t\t<\/a>\n\t\t\t\t\t\t\t\t\t\t\t\t\t<\/div>\n\t\t\t\t<\/div>\n\t\t\t\t\t<\/div>\n\t\t<\/div>\n\t\t\t\t\t<\/div>\n\t\t<\/section>\n\t\t\t\t<section class=\"elementor-section elementor-top-section elementor-element elementor-element-8c92615 elementor-section-boxed elementor-section-height-default elementor-section-height-default\" data-id=\"8c92615\" data-element_type=\"section\">\n\t\t\t\t\t\t<div class=\"elementor-container elementor-column-gap-default\">\n\t\t\t\t\t<div class=\"elementor-column elementor-col-50 elementor-top-column elementor-element elementor-element-c3a6800\" data-id=\"c3a6800\" data-element_type=\"column\">\n\t\t\t<div class=\"elementor-widget-wrap elementor-element-populated\">\n\t\t\t\t\t\t<div class=\"elementor-element elementor-element-56d1a62 elementor-widget elementor-widget-image\" data-id=\"56d1a62\" data-element_type=\"widget\" data-widget_type=\"image.default\">\n\t\t\t\t<div class=\"elementor-widget-container\">\n\t\t\t\t\t\t\t\t\t\t\t\t\t\t<a href=\"http:\/\/dieterle-zimmerei.de\/wp-content\/uploads\/2020\/08\/2020_06_28_zimmerei_dieterle_0306-scaled.jpg\" data-elementor-open-lightbox=\"yes\" data-elementor-lightbox-title=\"www.danielglunk.com\" data-e-action-hash=\"#elementor-action%3Aaction%3Dlightbox%26settings%3DeyJpZCI6MjEyLCJ1cmwiOiJodHRwczpcL1wvZGlldGVybGUtemltbWVyZWkuZGVcL3dwLWNvbnRlbnRcL3VwbG9hZHNcLzIwMjBcLzA4XC8yMDIwXzA2XzI4X3ppbW1lcmVpX2RpZXRlcmxlXzAzMDYtc2NhbGVkLmpwZyJ9\">\n\t\t\t\t\t\t\t<img decoding=\"async\" width=\"800\" height=\"534\" src=\"https:\/\/dieterle-zimmerei.de\/wp-content\/uploads\/2020\/08\/2020_06_28_zimmerei_dieterle_0306-1024x683.jpg\" class=\"attachment-large size-large wp-image-212\" alt=\"\" srcset=\"https:\/\/dieterle-zimmerei.de\/wp-content\/uploads\/2020\/08\/2020_06_28_zimmerei_dieterle_0306-1024x683.jpg 1024w, https:\/\/dieterle-zimmerei.de\/wp-content\/uploads\/2020\/08\/2020_06_28_zimmerei_dieterle_0306-300x200.jpg 300w, https:\/\/dieterle-zimmerei.de\/wp-content\/uploads\/2020\/08\/2020_06_28_zimmerei_dieterle_0306-768x512.jpg 768w, https:\/\/dieterle-zimmerei.de\/wp-content\/uploads\/2020\/08\/2020_06_28_zimmerei_dieterle_0306-1536x1024.jpg 1536w, https:\/\/dieterle-zimmerei.de\/wp-content\/uploads\/2020\/08\/2020_06_28_zimmerei_dieterle_0306-2048x1365.jpg 2048w, https:\/\/dieterle-zimmerei.de\/wp-content\/uploads\/2020\/08\/2020_06_28_zimmerei_dieterle_0306-24x16.jpg 24w, https:\/\/dieterle-zimmerei.de\/wp-content\/uploads\/2020\/08\/2020_06_28_zimmerei_dieterle_0306-36x24.jpg 36w, https:\/\/dieterle-zimmerei.de\/wp-content\/uploads\/2020\/08\/2020_06_28_zimmerei_dieterle_0306-48x32.jpg 48w\" sizes=\"(max-width: 800px) 100vw, 800px\" \/>\t\t\t\t\t\t\t\t<\/a>\n\t\t\t\t\t\t\t\t\t\t\t\t\t<\/div>\n\t\t\t\t<\/div>\n\t\t\t\t\t<\/div>\n\t\t<\/div>\n\t\t\t\t<div class=\"elementor-column elementor-col-50 elementor-top-column elementor-element elementor-element-861ce59\" data-id=\"861ce59\" data-element_type=\"column\">\n\t\t\t<div class=\"elementor-widget-wrap elementor-element-populated\">\n\t\t\t\t\t\t<div class=\"elementor-element elementor-element-b1992cc elementor-widget elementor-widget-image\" data-id=\"b1992cc\" data-element_type=\"widget\" data-widget_type=\"image.default\">\n\t\t\t\t<div class=\"elementor-widget-container\">\n\t\t\t\t\t\t\t\t\t\t\t\t\t\t<a href=\"http:\/\/dieterle-zimmerei.de\/wp-content\/uploads\/2020\/08\/2020_06_28_zimmerei_dieterle_0347-scaled.jpg\" data-elementor-open-lightbox=\"yes\" data-elementor-lightbox-title=\"www.danielglunk.com\" data-e-action-hash=\"#elementor-action%3Aaction%3Dlightbox%26settings%3DeyJpZCI6MjEzLCJ1cmwiOiJodHRwczpcL1wvZGlldGVybGUtemltbWVyZWkuZGVcL3dwLWNvbnRlbnRcL3VwbG9hZHNcLzIwMjBcLzA4XC8yMDIwXzA2XzI4X3ppbW1lcmVpX2RpZXRlcmxlXzAzNDctc2NhbGVkLmpwZyJ9\">\n\t\t\t\t\t\t\t<img loading=\"lazy\" decoding=\"async\" width=\"800\" height=\"534\" src=\"https:\/\/dieterle-zimmerei.de\/wp-content\/uploads\/2020\/08\/2020_06_28_zimmerei_dieterle_0347-1024x683.jpg\" class=\"attachment-large size-large wp-image-213\" alt=\"\" srcset=\"https:\/\/dieterle-zimmerei.de\/wp-content\/uploads\/2020\/08\/2020_06_28_zimmerei_dieterle_0347-1024x683.jpg 1024w, https:\/\/dieterle-zimmerei.de\/wp-content\/uploads\/2020\/08\/2020_06_28_zimmerei_dieterle_0347-300x200.jpg 300w, https:\/\/dieterle-zimmerei.de\/wp-content\/uploads\/2020\/08\/2020_06_28_zimmerei_dieterle_0347-768x512.jpg 768w, https:\/\/dieterle-zimmerei.de\/wp-content\/uploads\/2020\/08\/2020_06_28_zimmerei_dieterle_0347-1536x1024.jpg 1536w, https:\/\/dieterle-zimmerei.de\/wp-content\/uploads\/2020\/08\/2020_06_28_zimmerei_dieterle_0347-2048x1365.jpg 2048w, https:\/\/dieterle-zimmerei.de\/wp-content\/uploads\/2020\/08\/2020_06_28_zimmerei_dieterle_0347-24x16.jpg 24w, https:\/\/dieterle-zimmerei.de\/wp-content\/uploads\/2020\/08\/2020_06_28_zimmerei_dieterle_0347-36x24.jpg 36w, https:\/\/dieterle-zimmerei.de\/wp-content\/uploads\/2020\/08\/2020_06_28_zimmerei_dieterle_0347-48x32.jpg 48w\" sizes=\"(max-width: 800px) 100vw, 800px\" \/>\t\t\t\t\t\t\t\t<\/a>\n\t\t\t\t\t\t\t\t\t\t\t\t\t<\/div>\n\t\t\t\t<\/div>\n\t\t\t\t\t<\/div>\n\t\t<\/div>\n\t\t\t\t\t<\/div>\n\t\t<\/section>\n\t\t\t\t<\/div>\n\t\t","protected":false},"excerpt":{"rendered":"<p>MIT UNS SIND SIE NICHT AUF DEM HOLZWEG Gegr\u00fcndet im Jahr 2004 von Zimmermeister Erich Dieterle, wird unser kleines \u00a0\u00a0\u00a0\u00a0\u00a0\u00a0\u00a0\u00a0\u00a0\u00a0\u00a0\u00a0\u00a0\u00a0 Zimmereiunternehmen seither mit viel Herzblut und Engagement gef\u00fchrt. Die Liebe zur \u00a0\u00a0\u00a0\u00a0\u00a0\u00a0\u00a0 Handwerkstradition gab er an seinen Sohn Manuel Dieterle weiter, der an seinen \u00a0\u00a0\u00a0\u00a0\u00a0\u00a0\u00a0\u00a0\u00a0\u00a0\u00a0\u00a0\u00a0\u00a0 Zimmerermeister den Dachdeckermeister anschloss und anschlie\u00dfend mit ins Unternehmen\u00a0\u00a0\u00a0 einstieg. [&hellip;]<\/p>\n","protected":false},"author":2,"featured_media":294,"parent":0,"menu_order":0,"comment_status":"closed","ping_status":"closed","template":"","meta":{"gt_page_layout":"","gt_hide_page_title":false,"gt_remove_bottom_margin":false,"footnotes":""},"_links":{"self":[{"href":"https:\/\/dieterle-zimmerei.de\/index.php?rest_route=\/wp\/v2\/pages\/17"}],"collection":[{"href":"https:\/\/dieterle-zimmerei.de\/index.php?rest_route=\/wp\/v2\/pages"}],"about":[{"href":"https:\/\/dieterle-zimmerei.de\/index.php?rest_route=\/wp\/v2\/types\/page"}],"author":[{"embeddable":true,"href":"https:\/\/dieterle-zimmerei.de\/index.php?rest_route=\/wp\/v2\/users\/2"}],"replies":[{"embeddable":true,"href":"https:\/\/dieterle-zimmerei.de\/index.php?rest_route=%2Fwp%2Fv2%2Fcomments&post=17"}],"version-history":[{"count":41,"href":"https:\/\/dieterle-zimmerei.de\/index.php?rest_route=\/wp\/v2\/pages\/17\/revisions"}],"predecessor-version":[{"id":297,"href":"https:\/\/dieterle-zimmerei.de\/index.php?rest_route=\/wp\/v2\/pages\/17\/revisions\/297"}],"wp:featuredmedia":[{"embeddable":true,"href":"https:\/\/dieterle-zimmerei.de\/index.php?rest_route=\/wp\/v2\/media\/294"}],"wp:attachment":[{"href":"https:\/\/dieterle-zimmerei.de\/index.php?rest_route=%2Fwp%2Fv2%2Fmedia&parent=17"}],"curies":[{"name":"wp","href":"https:\/\/api.w.org\/{rel}","templated":true}]}}