{"id":13,"date":"2020-06-04T17:32:48","date_gmt":"2020-06-04T17:32:48","guid":{"rendered":"http:\/\/dieterle-zimmerei.de\/?page_id=13"},"modified":"2020-08-04T14:50:08","modified_gmt":"2020-08-04T14:50:08","slug":"daemmung","status":"publish","type":"page","link":"https:\/\/dieterle-zimmerei.de\/?page_id=13","title":{"rendered":"D\u00c4MMUNG"},"content":{"rendered":"\t\t<div data-elementor-type=\"wp-page\" data-elementor-id=\"13\" class=\"elementor elementor-13\">\n\t\t\t\t\t\t<section class=\"elementor-section elementor-top-section elementor-element elementor-element-5642bf19 elementor-section-boxed elementor-section-height-default elementor-section-height-default\" data-id=\"5642bf19\" data-element_type=\"section\">\n\t\t\t\t\t\t<div class=\"elementor-container elementor-column-gap-default\">\n\t\t\t\t\t<div class=\"elementor-column elementor-col-100 elementor-top-column elementor-element elementor-element-2ad40a20\" data-id=\"2ad40a20\" data-element_type=\"column\">\n\t\t\t<div class=\"elementor-widget-wrap elementor-element-populated\">\n\t\t\t\t\t\t<div class=\"elementor-element elementor-element-2c8ae5ab elementor-widget elementor-widget-text-editor\" data-id=\"2c8ae5ab\" data-element_type=\"widget\" data-widget_type=\"text-editor.default\">\n\t\t\t\t<div class=\"elementor-widget-container\">\n\t\t\t\t\t\t\t<p><!-- wp:paragraph {\"textColor\":\"primary\"} --><\/p>\n<p class=\"has-text-color has-primary-color\"><em><strong>NACHHALTIG BAUEN<\/strong><\/em><\/p>\n<p><!-- \/wp:paragraph --><\/p>\n<p><!-- wp:paragraph --><\/p>\n<p>In Zeiten des fortschreitenden Klimawandels wachsen die Anforderungen an die Geb\u00e4udeh\u00fclle und die Au\u00dfend\u00e4mmung stetig. Folgende Punkte sollten dabei heute ber\u00fccksichtigt werden:<\/p>\n<p><!-- \/wp:paragraph --><\/p>\n<p><!-- wp:list --><\/p>\n<ul>\n<li>W\u00e4rmed\u00e4mmung zur kalten Jahreszeit<\/li>\n<li>Sommerlicher Hitzeschutz<\/li>\n<li>Schallschutz<\/li>\n<li>Brandschutz<\/li>\n<li>\u00d6kobilanz durch den Einbau und die Verarbeitung nachwachsender oder recycelter Baustoffe<\/li>\n<\/ul>\n<p><!-- \/wp:list --><\/p>\n<p><!-- wp:paragraph --><\/p>\n<p>Vielf\u00e4ltige D\u00e4mmstoffe bieten unterschiedliche M\u00f6glichkeiten, sodass f\u00fcr jedes Haus eine individuell zugeschnittene L\u00f6sung gefunden werden kann. Mit einem umweltfreundlichen Material sorgen Sie nicht nur f\u00fcr die Langlebigkeit Ihres Geb\u00e4udes, sondern auch f\u00fcr ein angenehmes und gesundes Raumklima. Dar\u00fcber hinaus leisten Sie einen wertvollen Beitrag zum Schutz unserer nat\u00fcrlichen Ressourcen und steigern die \u00f6kologische Qualit\u00e4t Ihres Hauses.<\/p>\n<p><!-- \/wp:paragraph --><\/p>\n<p><!-- wp:paragraph --><\/p>\n<p>Ein gro\u00dfer Vorteil bietet die Einblasd\u00e4mmung, da sie sich problemlos an Unebenheiten anpasst. Verschiedene D\u00e4mmmaterialien wie beispielsweise Zellulose, Holzfaser, Glaswolle oder Steinwolle k\u00f6nnen so auch bei baulich entstandenen Hohlr\u00e4umen setzungssicher eingeblasen werden. Diese Technologie wird von uns schon seit dem Jahr 2008 erfolgreich praktiziert, weshalb wir auf langj\u00e4hrige Erfahrungswerte zur\u00fcckgreifen k\u00f6nnen.<\/p>\n<p><!-- \/wp:image --><\/p>\t\t\t\t\t\t<\/div>\n\t\t\t\t<\/div>\n\t\t\t\t\t<\/div>\n\t\t<\/div>\n\t\t\t\t\t<\/div>\n\t\t<\/section>\n\t\t\t\t<section class=\"elementor-section elementor-top-section elementor-element elementor-element-4e3aaac elementor-section-boxed elementor-section-height-default elementor-section-height-default\" data-id=\"4e3aaac\" data-element_type=\"section\">\n\t\t\t\t\t\t<div class=\"elementor-container elementor-column-gap-default\">\n\t\t\t\t\t<div class=\"elementor-column elementor-col-100 elementor-top-column elementor-element elementor-element-0704d60\" data-id=\"0704d60\" data-element_type=\"column\">\n\t\t\t<div class=\"elementor-widget-wrap elementor-element-populated\">\n\t\t\t\t\t\t<div class=\"elementor-element elementor-element-78e7b86 elementor-widget elementor-widget-image\" data-id=\"78e7b86\" data-element_type=\"widget\" data-widget_type=\"image.default\">\n\t\t\t\t<div class=\"elementor-widget-container\">\n\t\t\t\t\t\t\t\t\t\t\t\t\t\t<a href=\"http:\/\/dieterle-zimmerei.de\/wp-content\/uploads\/2020\/07\/2020_06_28_zimmerei_dieterle_0139-scaled.jpg\" data-elementor-open-lightbox=\"yes\" data-elementor-lightbox-title=\"www.danielglunk.com\" data-e-action-hash=\"#elementor-action%3Aaction%3Dlightbox%26settings%3DeyJpZCI6MTU0LCJ1cmwiOiJodHRwczpcL1wvZGlldGVybGUtemltbWVyZWkuZGVcL3dwLWNvbnRlbnRcL3VwbG9hZHNcLzIwMjBcLzA3XC8yMDIwXzA2XzI4X3ppbW1lcmVpX2RpZXRlcmxlXzAxMzktc2NhbGVkLmpwZyJ9\">\n\t\t\t\t\t\t\t<img decoding=\"async\" src=\"https:\/\/dieterle-zimmerei.de\/wp-content\/uploads\/2020\/07\/2020_06_28_zimmerei_dieterle_0139-scaled.jpg\" title=\"www.danielglunk.com\" alt=\"www.danielglunk.com\" loading=\"lazy\" \/>\t\t\t\t\t\t\t\t<\/a>\n\t\t\t\t\t\t\t\t\t\t\t\t\t<\/div>\n\t\t\t\t<\/div>\n\t\t\t\t\t<\/div>\n\t\t<\/div>\n\t\t\t\t\t<\/div>\n\t\t<\/section>\n\t\t\t\t<\/div>\n\t\t","protected":false},"excerpt":{"rendered":"<p>NACHHALTIG BAUEN In Zeiten des fortschreitenden Klimawandels wachsen die Anforderungen an die Geb\u00e4udeh\u00fclle und die Au\u00dfend\u00e4mmung stetig. Folgende Punkte sollten dabei heute ber\u00fccksichtigt werden: W\u00e4rmed\u00e4mmung zur kalten Jahreszeit Sommerlicher Hitzeschutz Schallschutz Brandschutz \u00d6kobilanz durch den Einbau und die Verarbeitung nachwachsender oder recycelter Baustoffe Vielf\u00e4ltige D\u00e4mmstoffe bieten unterschiedliche M\u00f6glichkeiten, sodass f\u00fcr jedes Haus eine individuell zugeschnittene [&hellip;]<\/p>\n","protected":false},"author":2,"featured_media":182,"parent":0,"menu_order":0,"comment_status":"closed","ping_status":"closed","template":"","meta":{"gt_page_layout":"","gt_hide_page_title":false,"gt_remove_bottom_margin":false,"footnotes":""},"_links":{"self":[{"href":"https:\/\/dieterle-zimmerei.de\/index.php?rest_route=\/wp\/v2\/pages\/13"}],"collection":[{"href":"https:\/\/dieterle-zimmerei.de\/index.php?rest_route=\/wp\/v2\/pages"}],"about":[{"href":"https:\/\/dieterle-zimmerei.de\/index.php?rest_route=\/wp\/v2\/types\/page"}],"author":[{"embeddable":true,"href":"https:\/\/dieterle-zimmerei.de\/index.php?rest_route=\/wp\/v2\/users\/2"}],"replies":[{"embeddable":true,"href":"https:\/\/dieterle-zimmerei.de\/index.php?rest_route=%2Fwp%2Fv2%2Fcomments&post=13"}],"version-history":[{"count":8,"href":"https:\/\/dieterle-zimmerei.de\/index.php?rest_route=\/wp\/v2\/pages\/13\/revisions"}],"predecessor-version":[{"id":229,"href":"https:\/\/dieterle-zimmerei.de\/index.php?rest_route=\/wp\/v2\/pages\/13\/revisions\/229"}],"wp:featuredmedia":[{"embeddable":true,"href":"https:\/\/dieterle-zimmerei.de\/index.php?rest_route=\/wp\/v2\/media\/182"}],"wp:attachment":[{"href":"https:\/\/dieterle-zimmerei.de\/index.php?rest_route=%2Fwp%2Fv2%2Fmedia&parent=13"}],"curies":[{"name":"wp","href":"https:\/\/api.w.org\/{rel}","templated":true}]}}