{"id":10,"date":"2020-06-04T17:32:27","date_gmt":"2020-06-04T17:32:27","guid":{"rendered":"http:\/\/dieterle-zimmerei.de\/?page_id=10"},"modified":"2020-09-02T09:24:07","modified_gmt":"2020-09-02T09:24:07","slug":"sanierung","status":"publish","type":"page","link":"https:\/\/dieterle-zimmerei.de\/?page_id=10","title":{"rendered":"SANIERUNG"},"content":{"rendered":"\t\t<div data-elementor-type=\"wp-page\" data-elementor-id=\"10\" class=\"elementor elementor-10\">\n\t\t\t\t\t\t<section class=\"elementor-section elementor-top-section elementor-element elementor-element-3874b945 elementor-section-boxed elementor-section-height-default elementor-section-height-default\" data-id=\"3874b945\" data-element_type=\"section\">\n\t\t\t\t\t\t<div class=\"elementor-container elementor-column-gap-default\">\n\t\t\t\t\t<div class=\"elementor-column elementor-col-100 elementor-top-column elementor-element elementor-element-34c4dfd4\" data-id=\"34c4dfd4\" data-element_type=\"column\">\n\t\t\t<div class=\"elementor-widget-wrap elementor-element-populated\">\n\t\t\t\t\t\t<div class=\"elementor-element elementor-element-5f7cef4a elementor-widget elementor-widget-text-editor\" data-id=\"5f7cef4a\" data-element_type=\"widget\" data-widget_type=\"text-editor.default\">\n\t\t\t\t<div class=\"elementor-widget-container\">\n\t\t\t\t\t\t\t<p><!-- wp:paragraph {\"textColor\":\"primary\"} --><\/p>\n<p class=\"has-text-color has-primary-color\"><em><strong>\u2026 DASS AUCH IN IHREM ZUHAUSE WIEDER ALLES ASTREIN IST<\/strong><\/em><\/p>\n<p><!-- \/wp:paragraph --><\/p>\n<p><!-- wp:paragraph --><\/p>\n<p>Nach Ihren W\u00fcnschen reparieren und modernisieren wir Ihr Haus. Wir ergreifen die notwendigen Ma\u00dfnahmen, um Ihr Haus und seine Funktionen instand zu halten, die energetische H\u00fclle zu optimieren und sie Ihrem Lebensstandard anzupassen. Dar\u00fcber hinaus steigern Sie den Wert Ihrer Immobilie, senken den Energiebedarf und verbessern die \u00d6kobilanz Ihres Geb\u00e4udes. Auch die fachgerechte Entsorgung \u00fcberholter Baustoffe wird von uns \u00fcbernommen.<\/p>\n<p><!-- \/wp:paragraph --><\/p>\n<p><!-- wp:paragraph --><\/p>\n<p>Gerne erstellen wir Ihnen ein leistungsumfassendes Angebot f\u00fcr Ihre Dach- und Fassadensanierung und beraten Sie vor Ort.<\/p>\n<p><!-- \/wp:image --><\/p>\t\t\t\t\t\t<\/div>\n\t\t\t\t<\/div>\n\t\t\t\t\t<\/div>\n\t\t<\/div>\n\t\t\t\t\t<\/div>\n\t\t<\/section>\n\t\t\t\t<section class=\"elementor-section elementor-top-section elementor-element elementor-element-280a12c elementor-section-boxed elementor-section-height-default elementor-section-height-default\" data-id=\"280a12c\" data-element_type=\"section\">\n\t\t\t\t\t\t<div class=\"elementor-container elementor-column-gap-default\">\n\t\t\t\t\t<div class=\"elementor-column elementor-col-100 elementor-top-column elementor-element elementor-element-13cf9a9\" data-id=\"13cf9a9\" data-element_type=\"column\">\n\t\t\t<div class=\"elementor-widget-wrap elementor-element-populated\">\n\t\t\t\t\t\t<div class=\"elementor-element elementor-element-1a72844 elementor-widget elementor-widget-image\" data-id=\"1a72844\" data-element_type=\"widget\" data-widget_type=\"image.default\">\n\t\t\t\t<div class=\"elementor-widget-container\">\n\t\t\t\t\t\t\t\t\t\t\t\t\t\t<a href=\"http:\/\/dieterle-zimmerei.de\/wp-content\/uploads\/2020\/07\/2020_06_28_zimmerei_dieterle_0401-scaled.jpg\" data-elementor-open-lightbox=\"yes\" data-elementor-lightbox-title=\"www.danielglunk.com\" data-e-action-hash=\"#elementor-action%3Aaction%3Dlightbox%26settings%3DeyJpZCI6MTUxLCJ1cmwiOiJodHRwczpcL1wvZGlldGVybGUtemltbWVyZWkuZGVcL3dwLWNvbnRlbnRcL3VwbG9hZHNcLzIwMjBcLzA3XC8yMDIwXzA2XzI4X3ppbW1lcmVpX2RpZXRlcmxlXzA0MDEtc2NhbGVkLmpwZyJ9\">\n\t\t\t\t\t\t\t<img decoding=\"async\" src=\"https:\/\/dieterle-zimmerei.de\/wp-content\/uploads\/2020\/07\/2020_06_28_zimmerei_dieterle_0401-scaled.jpg\" title=\"www.danielglunk.com\" alt=\"www.danielglunk.com\" loading=\"lazy\" \/>\t\t\t\t\t\t\t\t<\/a>\n\t\t\t\t\t\t\t\t\t\t\t\t\t<\/div>\n\t\t\t\t<\/div>\n\t\t\t\t\t<\/div>\n\t\t<\/div>\n\t\t\t\t\t<\/div>\n\t\t<\/section>\n\t\t\t\t<\/div>\n\t\t","protected":false},"excerpt":{"rendered":"<p>\u2026 DASS AUCH IN IHREM ZUHAUSE WIEDER ALLES ASTREIN IST Nach Ihren W\u00fcnschen reparieren und modernisieren wir Ihr Haus. Wir ergreifen die notwendigen Ma\u00dfnahmen, um Ihr Haus und seine Funktionen instand zu halten, die energetische H\u00fclle zu optimieren und sie Ihrem Lebensstandard anzupassen. Dar\u00fcber hinaus steigern Sie den Wert Ihrer Immobilie, senken den Energiebedarf und [&hellip;]<\/p>\n","protected":false},"author":2,"featured_media":183,"parent":0,"menu_order":0,"comment_status":"closed","ping_status":"closed","template":"","meta":{"gt_page_layout":"","gt_hide_page_title":false,"gt_remove_bottom_margin":false,"footnotes":""},"_links":{"self":[{"href":"https:\/\/dieterle-zimmerei.de\/index.php?rest_route=\/wp\/v2\/pages\/10"}],"collection":[{"href":"https:\/\/dieterle-zimmerei.de\/index.php?rest_route=\/wp\/v2\/pages"}],"about":[{"href":"https:\/\/dieterle-zimmerei.de\/index.php?rest_route=\/wp\/v2\/types\/page"}],"author":[{"embeddable":true,"href":"https:\/\/dieterle-zimmerei.de\/index.php?rest_route=\/wp\/v2\/users\/2"}],"replies":[{"embeddable":true,"href":"https:\/\/dieterle-zimmerei.de\/index.php?rest_route=%2Fwp%2Fv2%2Fcomments&post=10"}],"version-history":[{"count":13,"href":"https:\/\/dieterle-zimmerei.de\/index.php?rest_route=\/wp\/v2\/pages\/10\/revisions"}],"predecessor-version":[{"id":241,"href":"https:\/\/dieterle-zimmerei.de\/index.php?rest_route=\/wp\/v2\/pages\/10\/revisions\/241"}],"wp:featuredmedia":[{"embeddable":true,"href":"https:\/\/dieterle-zimmerei.de\/index.php?rest_route=\/wp\/v2\/media\/183"}],"wp:attachment":[{"href":"https:\/\/dieterle-zimmerei.de\/index.php?rest_route=%2Fwp%2Fv2%2Fmedia&parent=10"}],"curies":[{"name":"wp","href":"https:\/\/api.w.org\/{rel}","templated":true}]}}